{"id":591,"date":"2020-10-23T15:32:46","date_gmt":"2020-10-23T13:32:46","guid":{"rendered":"https:\/\/corporate.firstcamp.se\/about-us\/vara-varumarken\/"},"modified":"2025-12-22T10:44:13","modified_gmt":"2025-12-22T09:44:13","slug":"our-brand","status":"publish","type":"page","link":"https:\/\/corporate.firstcamp.se\/en\/about-us\/our-brand\/","title":{"rendered":"Our brand"},"content":{"rendered":"\n<h1 class=\"wp-block-heading\">Our brands<\/h1>\n\n\n\n<p> <\/p>\n\n\n\n<div class=\"wp-block-columns is-layout-flex wp-container-3\">\n<div class=\"wp-block-column is-vertically-aligned-center is-layout-flow\" style=\"flex-basis:33.33%\">\n<p><img decoding=\"async\" loading=\"lazy\" width=\"300\" height=\"62\" class=\"wp-image-481\" style=\"width: 150px;height:auto\" src=\"https:\/\/firstcamp.fra1.digitaloceanspaces.com\/corporate-public\/2020\/10\/First_Camp_logo_red_RGB_300px.png\" alt=\"\"><\/p>\n<\/div>\n\n\n\n<div class=\"wp-block-column is-layout-flow\" style=\"flex-basis:66.66%\">\n<p>First Camp is Scandinavia\u2019s largest camping chain, with more than 70 destinations across Sweden, Norway and Denmark. Measured by number of beds, First Camp is the eighth largest hotel chain in Sweden.<\/p>\n\n\n\n<p><a href=\"https:\/\/www.en.firstcamp.se\/\">Read more here.<\/a><\/p>\n<\/div>\n<\/div>\n\n\n\n<div class=\"wp-block-columns is-layout-flex wp-container-6\">\n<div class=\"wp-block-column is-vertically-aligned-center is-layout-flow\" style=\"flex-basis:33.33%\">\n<p><img decoding=\"async\" loading=\"lazy\" width=\"302\" height=\"112\" class=\"wp-image-1945\" style=\"width: 150px;\" src=\"https:\/\/firstcamp.fra1.digitaloceanspaces.com\/corporate-public\/2025\/12\/Jesperhus_Logo.png\" alt=\"\" srcset=\"https:\/\/firstcamp.fra1.digitaloceanspaces.com\/corporate-public\/2025\/12\/Jesperhus_Logo.png 302w, https:\/\/firstcamp.fra1.digitaloceanspaces.com\/corporate-public\/2025\/12\/Jesperhus_Logo-300x111.png 300w\" sizes=\"(max-width: 302px) 100vw, 302px\" \/><\/p>\n<\/div>\n\n\n\n<div class=\"wp-block-column is-layout-flow\" style=\"flex-basis:66.66%\">\n<p>Jesperhus Feriepark is one of Denmark\u2019s most well-known holiday destinations for families with children. The resort offers camping, cabins, a water park, indoor play areas, spa facilities and a wide range of activities for guests of all ages.<\/p>\n\n\n\n<p><a href=\"https:\/\/www.jesperhus.dk\/\">Read more here.<\/a><\/p>\n<\/div>\n<\/div>\n\n\n\n<div class=\"wp-block-columns is-layout-flex wp-container-9\">\n<div class=\"wp-block-column is-vertically-aligned-center is-layout-flow\" style=\"flex-basis:33.33%\">\n<p><img decoding=\"async\" loading=\"lazy\" width=\"1984\" height=\"1010\" class=\"wp-image-1947\" style=\"width: 150px;\" src=\"https:\/\/firstcamp.fra1.digitaloceanspaces.com\/corporate-public\/2025\/12\/leksand-resort-logotyp-G-RGB.png\" alt=\"\" srcset=\"https:\/\/firstcamp.fra1.digitaloceanspaces.com\/corporate-public\/2025\/12\/leksand-resort-logotyp-G-RGB.png 1984w, https:\/\/firstcamp.fra1.digitaloceanspaces.com\/corporate-public\/2025\/12\/leksand-resort-logotyp-G-RGB-300x153.png 300w, https:\/\/firstcamp.fra1.digitaloceanspaces.com\/corporate-public\/2025\/12\/leksand-resort-logotyp-G-RGB-1024x521.png 1024w, https:\/\/firstcamp.fra1.digitaloceanspaces.com\/corporate-public\/2025\/12\/leksand-resort-logotyp-G-RGB-1536x782.png 1536w, https:\/\/firstcamp.fra1.digitaloceanspaces.com\/corporate-public\/2025\/12\/leksand-resort-logotyp-G-RGB-1568x798.png 1568w, https:\/\/firstcamp.fra1.digitaloceanspaces.com\/corporate-public\/2025\/12\/leksand-resort-logotyp-G-RGB-1440x733.png 1440w\" sizes=\"(max-width: 1984px) 100vw, 1984px\" \/><\/p>\n<\/div>\n\n\n\n<div class=\"wp-block-column is-layout-flow\" style=\"flex-basis:66.66%\">\n<p>Leksand Resort is a complete holiday destination by Lake Siljan, combining camping and cabin accommodation with a wide range of experiences. With an amusement park, accommodation, restaurants and conference facilities on site, it is a year-round destination for families and groups alike.<\/p>\n\n\n\n<p><a href=\"https:\/\/www.leksandresort.se\/\">Read more here.<\/a><\/p>\n<\/div>\n<\/div>\n\n\n\n<div class=\"wp-block-columns is-layout-flex wp-container-12\">\n<div class=\"wp-block-column is-vertically-aligned-center is-layout-flow\" style=\"flex-basis:33.33%\">\n<p><img decoding=\"async\" loading=\"lazy\" width=\"800\" height=\"545\" class=\"wp-image-1963\" style=\"width: 150px;\" src=\"https:\/\/firstcamp.fra1.digitaloceanspaces.com\/corporate-public\/2025\/12\/kronocamping-web.png\" alt=\"\" srcset=\"https:\/\/firstcamp.fra1.digitaloceanspaces.com\/corporate-public\/2025\/12\/kronocamping-web.png 800w, https:\/\/firstcamp.fra1.digitaloceanspaces.com\/corporate-public\/2025\/12\/kronocamping-web-300x204.png 300w\" sizes=\"(max-width: 800px) 100vw, 800px\" \/><\/p>\n<\/div>\n\n\n\n<div class=\"wp-block-column is-layout-flow\" style=\"flex-basis:66.66%\">\n<p>Kronocamping Lidk\u00f6ping is a five-star campsite located on the shores of Lake V\u00e4nern, within walking distance of the town of Lidk\u00f6ping. The destination offers high standards, a nature-oriented setting and a broad range of facilities for families and couples.<\/p>\n\n\n\n<p><a href=\"https:\/\/kronocamping.com\/\">Read more here.<\/a><\/p>\n<\/div>\n<\/div>\n\n\n\n<div class=\"wp-block-columns is-layout-flex wp-container-15\">\n<div class=\"wp-block-column is-vertically-aligned-center is-layout-flow\" style=\"flex-basis:33.33%\">\n<p><img decoding=\"async\" loading=\"lazy\" width=\"820\" height=\"350\" class=\"wp-image-1951\" style=\"width: 150px;\" src=\"https:\/\/firstcamp.fra1.digitaloceanspaces.com\/corporate-public\/2025\/12\/236-2361850_apukka-resort-rovaniemi-lapland-best-logos-and-brand.jpg\" alt=\"\" srcset=\"https:\/\/firstcamp.fra1.digitaloceanspaces.com\/corporate-public\/2025\/12\/236-2361850_apukka-resort-rovaniemi-lapland-best-logos-and-brand.jpg 820w, https:\/\/firstcamp.fra1.digitaloceanspaces.com\/corporate-public\/2025\/12\/236-2361850_apukka-resort-rovaniemi-lapland-best-logos-and-brand-300x128.jpg 300w\" sizes=\"(max-width: 820px) 100vw, 820px\" \/><\/p>\n<\/div>\n\n\n\n<div class=\"wp-block-column is-layout-flow\" style=\"flex-basis:66.66%\">\n<p>Located in Finnish Lapland just outside Rovaniemi, Apukka Resort focuses on nature-based experiences throughout the year. Accommodation includes glass igloos, cabins and hotel rooms, with easy access to both winter and summer activities.<\/p>\n\n\n\n<p><a href=\"https:\/\/apukkaresort.fi\/\">Read more here.<\/a><\/p>\n<\/div>\n<\/div>\n\n\n\n<div class=\"wp-block-columns is-layout-flex wp-container-18\">\n<div class=\"wp-block-column is-vertically-aligned-center is-layout-flow\" style=\"flex-basis:33.33%\">\n<p><img decoding=\"async\" loading=\"lazy\" width=\"234\" height=\"215\" class=\"wp-image-1953\" style=\"width: 150px;\" src=\"https:\/\/firstcamp.fra1.digitaloceanspaces.com\/corporate-public\/2025\/12\/nedladdning.png\" alt=\"\"><\/p>\n<\/div>\n\n\n\n<div class=\"wp-block-column is-layout-flow\" style=\"flex-basis:66.66%\">\n<p>Via Claudia is a family-friendly campsite in southern Germany, situated by the Lech River with the Alps as its backdrop. The destination offers a peaceful setting with excellent opportunities for hiking, cycling and nature experiences.<\/p>\n\n\n\n<p><a href=\"https:\/\/www.via-claudia-camping.com\/\">Read more here.<\/a><\/p>\n<\/div>\n<\/div>\n\n\n\n<div class=\"wp-block-columns is-layout-flex wp-container-21\">\n<div class=\"wp-block-column is-vertically-aligned-center is-layout-flow\" style=\"flex-basis:33.33%\">\n<p><img decoding=\"async\" loading=\"lazy\" width=\"400\" height=\"400\" class=\"wp-image-1959\" style=\"width: 150px;\" src=\"https:\/\/firstcamp.fra1.digitaloceanspaces.com\/corporate-public\/2025\/12\/Camping-Lodge-AG_2db466b1f265-1.png\" alt=\"\" srcset=\"https:\/\/firstcamp.fra1.digitaloceanspaces.com\/corporate-public\/2025\/12\/Camping-Lodge-AG_2db466b1f265-1.png 400w, https:\/\/firstcamp.fra1.digitaloceanspaces.com\/corporate-public\/2025\/12\/Camping-Lodge-AG_2db466b1f265-1-300x300.png 300w, https:\/\/firstcamp.fra1.digitaloceanspaces.com\/corporate-public\/2025\/12\/Camping-Lodge-AG_2db466b1f265-1-150x150.png 150w\" sizes=\"(max-width: 400px) 100vw, 400px\" \/><\/p>\n<\/div>\n\n\n\n<div class=\"wp-block-column is-layout-flow\" style=\"flex-basis:66.66%\">\n<p>Camping Lodge is a Swiss camping chain with several destinations in alpine environments. The campsites offer nature-close accommodation with access to hiking trails, lakes and classic alpine experiences.<\/p>\n\n\n\n<p><a href=\"https:\/\/www.camping-lodge.com\/en\">Read more here.<\/a><\/p>\n<\/div>\n<\/div>\n\n\n\n<div class=\"wp-block-columns is-layout-flex wp-container-24\">\n<div class=\"wp-block-column is-vertically-aligned-center is-layout-flow\" style=\"flex-basis:33.33%\">\n<p><img decoding=\"async\" loading=\"lazy\" width=\"299\" height=\"52\" class=\"wp-image-1957\" style=\"width: 150px;\" src=\"https:\/\/firstcamp.fra1.digitaloceanspaces.com\/corporate-public\/2025\/12\/Azur-camping-logo.png\" alt=\"\"><\/p>\n<\/div>\n\n\n\n<div class=\"wp-block-column is-layout-flow\" style=\"flex-basis:66.66%\">\n<p>Azur Camping is a camping chain with several destinations in southern Germany. The focus is on accessible and comfortable camping in natural surroundings, close to outdoor activities and local excursion destinations.<\/p>\n\n\n\n<p><a href=\"https:\/\/www.azur-camping.com\/\">Read more here.<\/a><\/p>\n<\/div>\n<\/div>\n\n\n\n<div class=\"wp-block-columns is-layout-flex wp-container-27\">\n<div class=\"wp-block-column is-vertically-aligned-center is-layout-flow\" style=\"flex-basis:33.33%\">\n<p><img decoding=\"async\" loading=\"lazy\" width=\"225\" height=\"225\" class=\"wp-image-1955\" style=\"width: 150px;\" src=\"https:\/\/firstcamp.fra1.digitaloceanspaces.com\/corporate-public\/2025\/12\/images-1.jpg\" alt=\"\" srcset=\"https:\/\/firstcamp.fra1.digitaloceanspaces.com\/corporate-public\/2025\/12\/images-1.jpg 225w, https:\/\/firstcamp.fra1.digitaloceanspaces.com\/corporate-public\/2025\/12\/images-1-150x150.jpg 150w\" sizes=\"(max-width: 225px) 100vw, 225px\" \/><\/p>\n<\/div>\n\n\n\n<div class=\"wp-block-column is-layout-flow\" style=\"flex-basis:66.66%\">\n<p>Camp Ripan is a year-round destination in Kiruna, with a focus on high-quality accommodation, spa facilities and local cuisine. The destination combines proximity to the town with experiences in the Arctic landscape.<\/p>\n\n\n\n<p><a href=\"https:\/\/ripan.se\/\">L\u00e4s Read more here.<\/a><\/p>\n<\/div>\n<\/div>\n","protected":false},"excerpt":{"rendered":"<p>Our brands First Camp is Scandinavia\u2019s largest camping chain, with more than 70 destinations across Sweden, Norway and Denmark. Measured by number of beds, First Camp is the eighth largest hotel chain in Sweden. Read more here. Jesperhus Feriepark is one of Denmark\u2019s most well-known holiday destinations for families with children. The resort offers camping, [&hellip;]<\/p>\n","protected":false},"author":2,"featured_media":1906,"parent":588,"menu_order":0,"comment_status":"closed","ping_status":"closed","template":"","meta":[],"yoast_head":"<!-- This site is optimized with the Yoast SEO plugin v15.1.1 - https:\/\/yoast.com\/wordpress\/plugins\/seo\/ -->\n<title>Our brands at First Camp Group<\/title>\n<meta name=\"robots\" content=\"index, follow, max-snippet:-1, max-image-preview:large, max-video-preview:-1\" \/>\n<link rel=\"canonical\" href=\"https:\/\/corporate.firstcamp.se\/en\/about-us\/our-brand\/\" \/>\n<meta property=\"og:locale\" content=\"en_US\" \/>\n<meta property=\"og:type\" content=\"article\" \/>\n<meta property=\"og:title\" content=\"Our brands at First Camp Group\" \/>\n<meta property=\"og:description\" content=\"Our brands First Camp is Scandinavia\u2019s largest camping chain, with more than 70 destinations across Sweden, Norway and Denmark. Measured by number of beds, First Camp is the eighth largest hotel chain in Sweden. Read more here. Jesperhus Feriepark is one of Denmark\u2019s most well-known holiday destinations for families with children. The resort offers camping, [&hellip;]\" \/>\n<meta property=\"og:url\" content=\"https:\/\/corporate.firstcamp.se\/en\/about-us\/our-brand\/\" \/>\n<meta property=\"og:site_name\" content=\"First Camp Corporate\" \/>\n<meta property=\"article:modified_time\" content=\"2025-12-22T09:44:13+00:00\" \/>\n<meta property=\"og:image\" content=\"https:\/\/firstcamp.fra1.digitaloceanspaces.com\/corporate-public\/2025\/12\/12453903_2-328-16_photo_web-1.jpg\" \/>\n\t<meta property=\"og:image:width\" content=\"2000\" \/>\n\t<meta property=\"og:image:height\" content=\"1333\" \/>\n<meta name=\"twitter:card\" content=\"summary_large_image\" \/>\n<script type=\"application\/ld+json\" class=\"yoast-schema-graph\">{\"@context\":\"https:\/\/schema.org\",\"@graph\":[{\"@type\":\"WebSite\",\"@id\":\"https:\/\/corporate.firstcamp.se\/en\/#website\",\"url\":\"https:\/\/corporate.firstcamp.se\/en\/\",\"name\":\"First Camp Corporate\",\"description\":\"Investors\",\"potentialAction\":[{\"@type\":\"SearchAction\",\"target\":\"https:\/\/corporate.firstcamp.se\/en\/?s={search_term_string}\",\"query-input\":\"required name=search_term_string\"}],\"inLanguage\":\"en-US\"},{\"@type\":\"ImageObject\",\"@id\":\"https:\/\/corporate.firstcamp.se\/en\/about-us\/our-brand\/#primaryimage\",\"inLanguage\":\"en-US\",\"url\":\"https:\/\/firstcamp.fra1.digitaloceanspaces.com\/corporate-public\/2025\/12\/12453903_2-328-16_photo_web-1.jpg\",\"width\":2000,\"height\":1333},{\"@type\":\"WebPage\",\"@id\":\"https:\/\/corporate.firstcamp.se\/en\/about-us\/our-brand\/#webpage\",\"url\":\"https:\/\/corporate.firstcamp.se\/en\/about-us\/our-brand\/\",\"name\":\"Our brands at First Camp Group\",\"isPartOf\":{\"@id\":\"https:\/\/corporate.firstcamp.se\/en\/#website\"},\"primaryImageOfPage\":{\"@id\":\"https:\/\/corporate.firstcamp.se\/en\/about-us\/our-brand\/#primaryimage\"},\"datePublished\":\"2020-10-23T13:32:46+00:00\",\"dateModified\":\"2025-12-22T09:44:13+00:00\",\"inLanguage\":\"en-US\",\"potentialAction\":[{\"@type\":\"ReadAction\",\"target\":[\"https:\/\/corporate.firstcamp.se\/en\/about-us\/our-brand\/\"]}]}]}<\/script>\n<!-- \/ Yoast SEO plugin. -->","_links":{"self":[{"href":"https:\/\/corporate.firstcamp.se\/en\/wp-json\/wp\/v2\/pages\/591"}],"collection":[{"href":"https:\/\/corporate.firstcamp.se\/en\/wp-json\/wp\/v2\/pages"}],"about":[{"href":"https:\/\/corporate.firstcamp.se\/en\/wp-json\/wp\/v2\/types\/page"}],"author":[{"embeddable":true,"href":"https:\/\/corporate.firstcamp.se\/en\/wp-json\/wp\/v2\/users\/2"}],"replies":[{"embeddable":true,"href":"https:\/\/corporate.firstcamp.se\/en\/wp-json\/wp\/v2\/comments?post=591"}],"version-history":[{"count":12,"href":"https:\/\/corporate.firstcamp.se\/en\/wp-json\/wp\/v2\/pages\/591\/revisions"}],"predecessor-version":[{"id":1970,"href":"https:\/\/corporate.firstcamp.se\/en\/wp-json\/wp\/v2\/pages\/591\/revisions\/1970"}],"up":[{"embeddable":true,"href":"https:\/\/corporate.firstcamp.se\/en\/wp-json\/wp\/v2\/pages\/588"}],"wp:featuredmedia":[{"embeddable":true,"href":"https:\/\/corporate.firstcamp.se\/en\/wp-json\/wp\/v2\/media\/1906"}],"wp:attachment":[{"href":"https:\/\/corporate.firstcamp.se\/en\/wp-json\/wp\/v2\/media?parent=591"}],"curies":[{"name":"wp","href":"https:\/\/api.w.org\/{rel}","templated":true}]}}