{"id":616,"date":"2020-10-21T09:56:37","date_gmt":"2020-10-21T07:56:37","guid":{"rendered":"https:\/\/corporate.firstcamp.se\/bolagsordning\/"},"modified":"2021-12-22T08:41:29","modified_gmt":"2021-12-22T07:41:29","slug":"articles-of-association","status":"publish","type":"page","link":"https:\/\/corporate.firstcamp.se\/en\/articles-of-association\/","title":{"rendered":"Articles of association"},"content":{"rendered":"\n<h1 class=\"wp-block-heading\"><strong>Articles of association<\/strong><\/h1>\n\n\n\n<p>Here you will find the articles of association for First Camp Group AB. Further down the page are articles of association for the other companies in the Group.<\/p>\n\n\n\n<hr class=\"wp-block-separator\"\/>\n\n\n\n<p><strong>BOLAGSORDNING<br>ARTICLES OF ASSOCIATION<br>f\u00f6r\/for<br>First Camp Group AB<\/strong><\/p>\n\n\n\n<p><em>The English text is an unofficial translation.<\/em><\/p>\n\n\n\n<p>Organisationsnummer: 559082-2515<\/p>\n\n\n\n<p><em>Corporate registration number: 559082-2515<\/em><\/p>\n\n\n\n<p><strong>BOLAGSORDNING \/ <em>ARTICLES OF ASSOCIATION<\/em><\/strong><\/p>\n\n\n\n<p><strong>\u00a7 1 Firma \/ <em>Name<\/em><\/strong><\/p>\n\n\n\n<p>Bolagets firma \u00e4r First Camp Group AB. Bolaget ska vara publikt (publ).<\/p>\n\n\n\n<p><em>The name of the company is First Camp Group AB. The company shall be public (publ).<\/em><\/p>\n\n\n\n<p><strong>\u00a7 2&nbsp;S\u00e4te och ort f\u00f6r bolagsst\u00e4mma \/ <em>Registered office and place for general meeting<\/em><\/strong><\/p>\n\n\n\n<p>Styrelsen skall ha sitt s\u00e4te i Stockholm.<\/p>\n\n\n\n<p><em>The Board of Directors shall have its registered office in Stockholm<\/em><\/p>\n\n\n\n<p><strong>\u00a7 3 Verksamhetsf\u00f6rem\u00e5l \/ <em>Object of the company\u2019s business<\/em><\/strong><\/p>\n\n\n\n<p>F\u00f6rem\u00e5let f\u00f6r bolagets verksamhet \u00e4r att direkt eller indirekt \u00e4ga och f\u00f6rvalta fast och l\u00f6s egendom samt direkt eller indirekt \u00e4ga, driva och marknadsf\u00f6ra campinganl\u00e4ggningar och stugbyar, samt idka d\u00e4rmed f\u00f6renlig verksamhet.<\/p>\n\n\n\n<p><em>The object of the company&#8217;s business is to directly or indirectly own and manage real property and other property and directly or indirectly own, manage and market camping sites and cabin villages as well as to carry out any other activities compatible therewith.<\/em><\/p>\n\n\n\n<p><strong>\u00a7 4 Aktiekapital \/ <em>Share capital<\/em><\/strong><\/p>\n\n\n\n<p>Aktiekapitalet skall utg\u00f6ra l\u00e4gst 500 000 kronor och h\u00f6gst 2 000 000 kronor.<\/p>\n\n\n\n<p><em>The share capital shall amount to not less than SEK 500,000 and not more than SEK 2,000,000.<\/em><\/p>\n\n\n\n<p><strong>\u00a7 5 Aktierna \/ <em>The shares<\/em><\/strong><\/p>\n\n\n\n<p>Antal aktier skall vara l\u00e4gst 50 000 och h\u00f6gst 200 000.<\/p>\n\n\n\n<p><em>The number of shares shall be not less than 50,000 and not more than 200,000.<\/em><\/p>\n\n\n\n<p><strong>\u00a7 6 R\u00e4kenskaps\u00e5r \/ <em>Financial year<\/em><\/strong><\/p>\n\n\n\n<p>Bolagets r\u00e4kenskaps\u00e5r skall vara kalender\u00e5r.<\/p>\n\n\n\n<p><em>The company&#8217;s financial year shall be the calendar year.<\/em><\/p>\n\n\n\n<p><strong>\u00a7 7  Styrelse \/ <em>Board of Directors<\/em><\/strong><\/p>\n\n\n\n<p>Styrelsen skall, till den del den utses av bolagsst\u00e4mman, best\u00e5 av l\u00e4gst tre och h\u00f6gst tio styrelseledam\u00f6ter, med h\u00f6gst fyra styrelsesuppleanter.<\/p>\n\n\n\n<p><em>The board of directors elected by the shareholders&#8217; meeting shall consist of not less than three members and not more than ten members with not more than four deputy members.<\/em><\/p>\n\n\n\n<p><strong>\u00a7 8 Revisor \/ <em>Auditor<\/em><\/strong><\/p>\n\n\n\n<p>Bolaget ska ha minst en och h\u00f6gst tv\u00e5 revisorer, med eller utan revisorssuppleant, eller ett registrerat revisionsbolag.<br><em>The company shall have not less than one and not more than two auditors, with or without an alternate auditor, or one registered public audit firm.<\/em><\/p>\n\n\n\n<p><strong>\u00a7 9 Kallelse till bolagsst\u00e4mma \/ <em>Notice of shareholders\u2019 meeting<\/em><\/strong><\/p>\n\n\n\n<p>Kallelse till bolagsst\u00e4mma skall ske genom annonsering i Post- och Inrikes Tidningar. Att kallelse har skett skall annonseras i Svenska Dagbladet. Om utgivningen av Svenska Dagbladet skulle upph\u00f6ra att vara rikst\u00e4ckande, skall ist\u00e4llet s\u00e5dan annonsering ske i Dagens Nyheter.<\/p>\n\n\n\n<p>Kallelse skall ske inom s\u00e5dan tid som f\u00f6ljer av aktiebolagslagen (2005:551).<\/p>\n\n\n\n<p><em>Notice of shareholders&#8217; meetings shall be issued by announcement in The Official Swedish Gazette. That notice has been issued shall be announced in Svenska Dagbladet. If the publication of Svenska Dagbladet would cease to be nationwide, such announcement shall instead take place in Dagens Nyheter. Notice shall be issued within the time stated in the Swedish Companies Act (2005:551).<\/em><\/p>\n\n\n\n<h2 class=\"wp-block-heading\">Other articles of association<\/h2>\n\n\n\n<div class=\"wp-block-file\"><a href=\"https:\/\/firstcamp.fra1.digitaloceanspaces.com\/corporate-public\/2020\/11\/Bolagsordning-556618-9873-Nordic-Camping-Resort-AB.pdf\" class=\"wp-block-file__button\" download>Nordic Camping &amp; Resort AB <\/a><\/div>\n\n\n\n<div class=\"wp-block-file\"><a href=\"https:\/\/firstcamp.fra1.digitaloceanspaces.com\/corporate-public\/2020\/11\/Bolagsordning-556960-0728-FC-Sverige-Holding-AB.pdf\" class=\"wp-block-file__button\" download>First Camp Holding AB <\/a><\/div>\n\n\n\n<div class=\"wp-block-file\"><a href=\"https:\/\/firstcamp.fra1.digitaloceanspaces.com\/corporate-public\/2020\/11\/Bolagsordning-556894-6551-FC-Sverige-AB.pdf\" class=\"wp-block-file__button\" download>First Camp Sverige AB <\/a><\/div>\n\n\n\n<div class=\"wp-block-file\"><a href=\"https:\/\/firstcamp.fra1.digitaloceanspaces.com\/corporate-public\/2020\/11\/Bolagsordning-556894-6551-FC-Sverige-AB-1.pdf\" class=\"wp-block-file__button\" download>First Camp Sverige AB <\/a><\/div>\n\n\n\n<div class=\"wp-block-file\"><a href=\"https:\/\/firstcamp.fra1.digitaloceanspaces.com\/corporate-public\/2020\/11\/Bolagsordning-FC-Danmark.pdf\" class=\"wp-block-file__button\" download>First Camp Danmark A\/S <\/a><\/div>\n\n\n\n<div class=\"wp-block-file\"><a href=\"https:\/\/firstcamp.fra1.digitaloceanspaces.com\/corporate-public\/2020\/11\/Bolagsordning-556487-0805-FC-Tylosand-AB.pdf\" class=\"wp-block-file__button\" download>First Camp Tyl\u00f6sand AB <\/a><\/div>\n\n\n\n<div class=\"wp-block-file\"><a href=\"https:\/\/firstcamp.fra1.digitaloceanspaces.com\/corporate-public\/2020\/11\/Bolagsordning-556668-2810-FC-Umea-AB.pdf\" class=\"wp-block-file__button\" download>First Camp Ume\u00e5 AB <\/a><\/div>\n\n\n\n<div class=\"wp-block-file\"><a href=\"https:\/\/firstcamp.fra1.digitaloceanspaces.com\/corporate-public\/2020\/11\/Bolagsordning-556669-0706-FC-Ahus-och-Okno-AB.pdf\" class=\"wp-block-file__button\" download>First Camp \u00c5hus och Okn\u00f6 AB <\/a><\/div>\n\n\n\n<div class=\"wp-block-file\"><a href=\"https:\/\/firstcamp.fra1.digitaloceanspaces.com\/corporate-public\/2020\/11\/Bolagsordning-556758-0591-FC-Malmo-AB.pdf\" class=\"wp-block-file__button\" download>First Camp Malm\u00f6 AB <\/a><\/div>\n\n\n\n<div class=\"wp-block-file\"><a href=\"https:\/\/firstcamp.fra1.digitaloceanspaces.com\/corporate-public\/2020\/11\/Bolagsordning-556894-6536-FC-Torekov-AB.pdf\" class=\"wp-block-file__button\" download>First Camp Torekov AB <\/a><\/div>\n\n\n\n<div class=\"wp-block-file\"><a href=\"https:\/\/firstcamp.fra1.digitaloceanspaces.com\/corporate-public\/2020\/11\/Bolagsordning-559013-6833-FC-Molle-AB.pdf\" class=\"wp-block-file__button\" download>First Camp M\u00f6lle AB<\/a><\/div>\n\n\n\n<div class=\"wp-block-file\"><a href=\"https:\/\/firstcamp.fra1.digitaloceanspaces.com\/corporate-public\/2020\/11\/Bolagsordning-559020-8632-FC-Lulea-AB.pdf\" class=\"wp-block-file__button\" download>First Camp Lule\u00e5 AB <\/a><\/div>\n\n\n\n<div class=\"wp-block-file\"><a href=\"https:\/\/firstcamp.fra1.digitaloceanspaces.com\/corporate-public\/2021\/12\/FC-Lakolk-Vedtagter-2021-07-14.pdf\" class=\"wp-block-file__button\" download>First Camp Lakolk AS <\/a><\/div>\n\n\n\n<div class=\"wp-block-file\"><a href=\"https:\/\/firstcamp.fra1.digitaloceanspaces.com\/corporate-public\/2021\/12\/Hasmark-Strand-Feriepark-Vedtaegter-2020-09-02.pdf\" class=\"wp-block-file__button\" download>Hasmark Strand Feriepark ApS <\/a><\/div>\n","protected":false},"excerpt":{"rendered":"<p>Articles of association Here you will find the articles of association for First Camp Group AB. Further down the page are articles of association for the other companies in the Group. BOLAGSORDNINGARTICLES OF ASSOCIATIONf\u00f6r\/forFirst Camp Group AB The English text is an unofficial translation. Organisationsnummer: 559082-2515 Corporate registration number: 559082-2515 BOLAGSORDNING \/ ARTICLES OF ASSOCIATION [&hellip;]<\/p>\n","protected":false},"author":2,"featured_media":145,"parent":0,"menu_order":0,"comment_status":"closed","ping_status":"closed","template":"","meta":[],"yoast_head":"<!-- This site is optimized with the Yoast SEO plugin v15.1.1 - https:\/\/yoast.com\/wordpress\/plugins\/seo\/ -->\n<title>Articles of association - First Camp Corporate<\/title>\n<meta name=\"robots\" content=\"index, follow, max-snippet:-1, max-image-preview:large, max-video-preview:-1\" \/>\n<link rel=\"canonical\" href=\"https:\/\/corporate.firstcamp.se\/en\/articles-of-association\/\" \/>\n<meta property=\"og:locale\" content=\"en_US\" \/>\n<meta property=\"og:type\" content=\"article\" \/>\n<meta property=\"og:title\" content=\"Articles of association - First Camp Corporate\" \/>\n<meta property=\"og:description\" content=\"Articles of association Here you will find the articles of association for First Camp Group AB. Further down the page are articles of association for the other companies in the Group. BOLAGSORDNINGARTICLES OF ASSOCIATIONf\u00f6r\/forFirst Camp Group AB The English text is an unofficial translation. Organisationsnummer: 559082-2515 Corporate registration number: 559082-2515 BOLAGSORDNING \/ ARTICLES OF ASSOCIATION [&hellip;]\" \/>\n<meta property=\"og:url\" content=\"https:\/\/corporate.firstcamp.se\/en\/articles-of-association\/\" \/>\n<meta property=\"og:site_name\" content=\"First Camp Corporate\" \/>\n<meta property=\"article:modified_time\" content=\"2021-12-22T07:41:29+00:00\" \/>\n<meta property=\"og:image\" content=\"https:\/\/firstcamp.fra1.digitaloceanspaces.com\/corporate-public\/2020\/10\/Camping-Solvik.jpg\" \/>\n\t<meta property=\"og:image:width\" content=\"2000\" \/>\n\t<meta property=\"og:image:height\" content=\"1333\" \/>\n<meta name=\"twitter:card\" content=\"summary_large_image\" \/>\n<script type=\"application\/ld+json\" class=\"yoast-schema-graph\">{\"@context\":\"https:\/\/schema.org\",\"@graph\":[{\"@type\":\"WebSite\",\"@id\":\"https:\/\/corporate.firstcamp.se\/en\/#website\",\"url\":\"https:\/\/corporate.firstcamp.se\/en\/\",\"name\":\"First Camp Corporate\",\"description\":\"Investors\",\"potentialAction\":[{\"@type\":\"SearchAction\",\"target\":\"https:\/\/corporate.firstcamp.se\/en\/?s={search_term_string}\",\"query-input\":\"required name=search_term_string\"}],\"inLanguage\":\"en-US\"},{\"@type\":\"ImageObject\",\"@id\":\"https:\/\/corporate.firstcamp.se\/en\/articles-of-association\/#primaryimage\",\"inLanguage\":\"en-US\",\"url\":\"https:\/\/firstcamp.fra1.digitaloceanspaces.com\/corporate-public\/2020\/10\/Camping-Solvik.jpg\",\"width\":2000,\"height\":1333,\"caption\":\"Stugor och husbilar p\\u00e5 v\\u00e4stkusten vid Solvik\"},{\"@type\":\"WebPage\",\"@id\":\"https:\/\/corporate.firstcamp.se\/en\/articles-of-association\/#webpage\",\"url\":\"https:\/\/corporate.firstcamp.se\/en\/articles-of-association\/\",\"name\":\"Articles of association - First Camp Corporate\",\"isPartOf\":{\"@id\":\"https:\/\/corporate.firstcamp.se\/en\/#website\"},\"primaryImageOfPage\":{\"@id\":\"https:\/\/corporate.firstcamp.se\/en\/articles-of-association\/#primaryimage\"},\"datePublished\":\"2020-10-21T07:56:37+00:00\",\"dateModified\":\"2021-12-22T07:41:29+00:00\",\"inLanguage\":\"en-US\",\"potentialAction\":[{\"@type\":\"ReadAction\",\"target\":[\"https:\/\/corporate.firstcamp.se\/en\/articles-of-association\/\"]}]}]}<\/script>\n<!-- \/ Yoast SEO plugin. -->","_links":{"self":[{"href":"https:\/\/corporate.firstcamp.se\/en\/wp-json\/wp\/v2\/pages\/616"}],"collection":[{"href":"https:\/\/corporate.firstcamp.se\/en\/wp-json\/wp\/v2\/pages"}],"about":[{"href":"https:\/\/corporate.firstcamp.se\/en\/wp-json\/wp\/v2\/types\/page"}],"author":[{"embeddable":true,"href":"https:\/\/corporate.firstcamp.se\/en\/wp-json\/wp\/v2\/users\/2"}],"replies":[{"embeddable":true,"href":"https:\/\/corporate.firstcamp.se\/en\/wp-json\/wp\/v2\/comments?post=616"}],"version-history":[{"count":6,"href":"https:\/\/corporate.firstcamp.se\/en\/wp-json\/wp\/v2\/pages\/616\/revisions"}],"predecessor-version":[{"id":1123,"href":"https:\/\/corporate.firstcamp.se\/en\/wp-json\/wp\/v2\/pages\/616\/revisions\/1123"}],"wp:featuredmedia":[{"embeddable":true,"href":"https:\/\/corporate.firstcamp.se\/en\/wp-json\/wp\/v2\/media\/145"}],"wp:attachment":[{"href":"https:\/\/corporate.firstcamp.se\/en\/wp-json\/wp\/v2\/media?parent=616"}],"curies":[{"name":"wp","href":"https:\/\/api.w.org\/{rel}","templated":true}]}}